{"id":1088,"date":"2021-10-11T10:40:34","date_gmt":"2021-10-11T10:40:34","guid":{"rendered":"http:\/\/layana.begueria.es\/?page_id=1088"},"modified":"2021-12-09T17:29:57","modified_gmt":"2021-12-09T17:29:57","slug":"home","status":"publish","type":"page","link":"https:\/\/layana.begueria.es\/","title":{"rendered":"Home"},"content":{"rendered":"\n<div class=\"twitterbutton\" style=\"float: right; padding-left: 5px;\"><a href=\"http:\/\/twitter.com\/share\" class=\"twitter-share-button\" data-count=\"none\" data-text=\"Home\" data-via=\"mabegueriagmail.com\" data-url=\"https:\/\/layana.begueria.es\/\" data-lang=\"en\" data-related=\":Layana, un pueblo de Arag\u00f3n\"><\/a><\/div>\t\t<div data-elementor-type=\"wp-page\" data-elementor-id=\"1088\" class=\"elementor elementor-1088\" data-elementor-settings=\"[]\">\n\t\t\t\t\t\t\t<div class=\"elementor-section-wrap\">\n\t\t\t\t\t\t\t<section class=\"elementor-section elementor-top-section elementor-element elementor-element-5939a86c elementor-section-height-min-height elementor-section-boxed elementor-section-height-default elementor-section-items-middle\" data-id=\"5939a86c\" data-element_type=\"section\" data-settings=\"{&quot;background_background&quot;:&quot;classic&quot;}\">\n\t\t\t\t\t\t\t<div class=\"elementor-background-overlay\"><\/div>\n\t\t\t\t\t\t\t<div class=\"elementor-container elementor-column-gap-no\">\n\t\t\t\t\t<div class=\"elementor-column elementor-col-100 elementor-top-column elementor-element elementor-element-6f6a47a9\" data-id=\"6f6a47a9\" data-element_type=\"column\">\n\t\t\t<div class=\"elementor-widget-wrap elementor-element-populated\">\n\t\t\t\t\t\t\t\t<div class=\"elementor-element elementor-element-ffa1734 elementor-widget__width-auto elementor-widget elementor-widget-heading\" data-id=\"ffa1734\" data-element_type=\"widget\" data-widget_type=\"heading.default\">\n\t\t\t\t<div class=\"elementor-widget-container\">\n\t\t\t<h1 class=\"elementor-heading-title elementor-size-small\">MANUAL DE ORIENTACI\u00d3N<\/h1>\t\t<\/div>\n\t\t\t\t<\/div>\n\t\t\t\t<div class=\"elementor-element elementor-element-1c0d792 elementor-widget elementor-widget-text-editor\" data-id=\"1c0d792\" data-element_type=\"widget\" data-widget_type=\"text-editor.default\">\n\t\t\t\t<div class=\"elementor-widget-container\">\n\t\t\t\t\t\t\t<p>Dif\u00edcil es orientarse en el mar, la selva o el desierto, pero m\u00e1s dif\u00edcil es orientarse en la vida, prop\u00f3sito de todos los sabios y aunque no estoy entre ellos nunca he desistido de buscar algo de luz.<\/p>\t\t\t\t\t\t<\/div>\n\t\t\t\t<\/div>\n\t\t\t\t\t<\/div>\n\t\t<\/div>\n\t\t\t\t\t\t\t<\/div>\n\t\t<\/section>\n\t\t\t\t<section class=\"elementor-section elementor-top-section elementor-element elementor-element-7e21b87 elementor-section-boxed elementor-section-height-default elementor-section-height-default\" data-id=\"7e21b87\" data-element_type=\"section\" data-settings=\"{&quot;background_background&quot;:&quot;classic&quot;}\">\n\t\t\t\t\t\t<div class=\"elementor-container elementor-column-gap-no\">\n\t\t\t\t\t<div class=\"elementor-column elementor-col-100 elementor-top-column elementor-element elementor-element-ef18271\" data-id=\"ef18271\" data-element_type=\"column\">\n\t\t\t<div class=\"elementor-widget-wrap elementor-element-populated\">\n\t\t\t\t\t\t\t\t<div class=\"elementor-element elementor-element-c58b4e3 elementor-widget-divider--view-line_icon elementor-view-default elementor-widget-divider--element-align-center elementor-widget elementor-widget-divider\" data-id=\"c58b4e3\" data-element_type=\"widget\" data-widget_type=\"divider.default\">\n\t\t\t\t<div class=\"elementor-widget-container\">\n\t\t\t\t\t<div class=\"elementor-divider\">\n\t\t\t<span class=\"elementor-divider-separator\">\n\t\t\t\t\t\t\t<div class=\"elementor-icon elementor-divider__element\">\n\t\t\t\t\t<i aria-hidden=\"true\" class=\"fas fa-star\"><\/i><\/div>\n\t\t\t\t\t\t<\/span>\n\t\t<\/div>\n\t\t\t\t<\/div>\n\t\t\t\t<\/div>\n\t\t\t\t\t<\/div>\n\t\t<\/div>\n\t\t\t\t\t\t\t<\/div>\n\t\t<\/section>\n\t\t\t\t<section class=\"elementor-section elementor-top-section elementor-element elementor-element-34277c67 elementor-section-boxed elementor-section-height-default elementor-section-height-default\" data-id=\"34277c67\" data-element_type=\"section\" data-settings=\"{&quot;background_background&quot;:&quot;classic&quot;}\">\n\t\t\t\t\t\t<div class=\"elementor-container elementor-column-gap-no\">\n\t\t\t\t\t<div class=\"elementor-column elementor-col-50 elementor-top-column elementor-element elementor-element-217497e3\" data-id=\"217497e3\" data-element_type=\"column\">\n\t\t\t<div class=\"elementor-widget-wrap elementor-element-populated\">\n\t\t\t\t\t\t\t\t<div class=\"elementor-element elementor-element-40af8fe elementor-widget elementor-widget-wp-widget-nav_menu\" data-id=\"40af8fe\" data-element_type=\"widget\" data-widget_type=\"wp-widget-nav_menu.default\">\n\t\t\t\t<div class=\"elementor-widget-container\">\n\t\t\t<nav class=\"menu-manual-de-orientacion-container\" aria-label=\"Men\u00fa\"><ul id=\"menu-manual-de-orientacion\" class=\"menu\"><li id=\"menu-item-1181\" class=\"menu-item menu-item-type-post_type menu-item-object-page menu-item-home menu-item-1181\"><a target=\"_blank\" href=\"https:\/\/layana.begueria.es\/\" class=\"menu-link\">Home<\/a><\/li>\n<li id=\"menu-item-930\" class=\"menu-item menu-item-type-post_type menu-item-object-page menu-item-has-children menu-item-930\"><a href=\"https:\/\/layana.begueria.es\/?page_id=921\" class=\"menu-link\">FILOSOF\u00cdA<span role=\"presentation\" class=\"dropdown-menu-toggle\" tabindex=\"0\" ><\/span><\/a>\n<ul class=\"sub-menu\">\n\t<li id=\"menu-item-783\" class=\"menu-item menu-item-type-taxonomy menu-item-object-category menu-item-783\"><a href=\"https:\/\/layana.begueria.es\/?cat=16\" class=\"menu-link\">filosof\u00eda para adultos<\/a><\/li>\n\t<li id=\"menu-item-771\" class=\"menu-item menu-item-type-taxonomy menu-item-object-category menu-item-771\"><a href=\"https:\/\/layana.begueria.es\/?cat=18\" class=\"menu-link\">segundo bachillerato<\/a><\/li>\n<\/ul>\n<\/li>\n<li id=\"menu-item-977\" class=\"menu-item menu-item-type-post_type menu-item-object-page menu-item-has-children menu-item-977\"><a href=\"https:\/\/layana.begueria.es\/?page_id=962\" class=\"menu-link\">M\u00daSICA<span role=\"presentation\" class=\"dropdown-menu-toggle\" tabindex=\"0\" ><\/span><\/a>\n<ul class=\"sub-menu\">\n\t<li id=\"menu-item-978\" class=\"menu-item menu-item-type-taxonomy menu-item-object-category menu-item-978\"><a href=\"https:\/\/layana.begueria.es\/?cat=43\" class=\"menu-link\">M\u00daSICA. Sobre M\u00fasica y m\u00fasicos<\/a><\/li>\n\t<li id=\"menu-item-984\" class=\"menu-item menu-item-type-post_type menu-item-object-page menu-item-984\"><a href=\"https:\/\/layana.begueria.es\/?page_id=981\" class=\"menu-link\">VIDEOS EDITADOS POR MAB<\/a><\/li>\n\t<li id=\"menu-item-979\" class=\"menu-item menu-item-type-taxonomy menu-item-object-category menu-item-979\"><a href=\"https:\/\/layana.begueria.es\/?cat=51\" class=\"menu-link\">Videos Orquesta Tutti 2.0<\/a><\/li>\n<\/ul>\n<\/li>\n<li id=\"menu-item-924\" class=\"menu-item menu-item-type-post_type menu-item-object-page menu-item-has-children menu-item-924\"><a href=\"https:\/\/layana.begueria.es\/?page_id=917\" class=\"menu-link\">LAYANA<span role=\"presentation\" class=\"dropdown-menu-toggle\" tabindex=\"0\" ><\/span><\/a>\n<ul class=\"sub-menu\">\n\t<li id=\"menu-item-774\" class=\"menu-item menu-item-type-taxonomy menu-item-object-category menu-item-774\"><a href=\"https:\/\/layana.begueria.es\/?cat=4\" class=\"menu-link\">INTRO<\/a><\/li>\n\t<li id=\"menu-item-775\" class=\"menu-item menu-item-type-taxonomy menu-item-object-category menu-item-775\"><a href=\"https:\/\/layana.begueria.es\/?cat=9\" class=\"menu-link\">Tiempos antiguos<\/a><\/li>\n\t<li id=\"menu-item-769\" class=\"menu-item menu-item-type-taxonomy menu-item-object-category menu-item-769\"><a href=\"https:\/\/layana.begueria.es\/?cat=10\" class=\"menu-link\">Layana medieval<\/a><\/li>\n\t<li id=\"menu-item-776\" class=\"menu-item menu-item-type-taxonomy menu-item-object-category menu-item-776\"><a href=\"https:\/\/layana.begueria.es\/?cat=11\" class=\"menu-link\">\u00c9pocas moderna y contempor\u00e1nea<\/a><\/li>\n\t<li id=\"menu-item-773\" class=\"menu-item menu-item-type-taxonomy menu-item-object-category menu-item-773\"><a href=\"https:\/\/layana.begueria.es\/?cat=14\" class=\"menu-link\">Arte y urbanismo<\/a><\/li>\n\t<li id=\"menu-item-772\" class=\"menu-item menu-item-type-taxonomy menu-item-object-category menu-item-772\"><a href=\"https:\/\/layana.begueria.es\/?cat=6\" class=\"menu-link\">Tradiciones y leyendas<\/a><\/li>\n\t<li id=\"menu-item-1232\" class=\"menu-item menu-item-type-taxonomy menu-item-object-category menu-item-1232\"><a href=\"https:\/\/layana.begueria.es\/?cat=19\" class=\"menu-link\">Varios<\/a><\/li>\n<\/ul>\n<\/li>\n<li id=\"menu-item-925\" class=\"menu-item menu-item-type-post_type menu-item-object-page menu-item-925\"><a href=\"https:\/\/layana.begueria.es\/?page_id=611\" class=\"menu-link\">Yo soy\u2026<\/a><\/li>\n<li id=\"menu-item-770\" class=\"menu-item menu-item-type-taxonomy menu-item-object-category menu-item-has-children menu-item-770\"><a href=\"https:\/\/layana.begueria.es\/?cat=1\" class=\"menu-link\">OPINI\u00d3N Y M\u00c1S<span role=\"presentation\" class=\"dropdown-menu-toggle\" tabindex=\"0\" ><\/span><\/a>\n<ul class=\"sub-menu\">\n\t<li id=\"menu-item-1233\" class=\"menu-item menu-item-type-taxonomy menu-item-object-category menu-item-1233\"><a href=\"https:\/\/layana.begueria.es\/?cat=44\" class=\"menu-link\">OPINION Y MAS<\/a><\/li>\n<\/ul>\n<\/li>\n<li id=\"menu-item-1303\" class=\"menu-item menu-item-type-taxonomy menu-item-object-category menu-item-has-children menu-item-1303\"><a href=\"https:\/\/layana.begueria.es\/?cat=54\" class=\"menu-link\">RELATOS<span role=\"presentation\" class=\"dropdown-menu-toggle\" tabindex=\"0\" ><\/span><\/a>\n<ul class=\"sub-menu\">\n\t<li id=\"menu-item-1341\" class=\"menu-item menu-item-type-post_type menu-item-object-post menu-item-1341\"><a href=\"https:\/\/layana.begueria.es\/?p=1328\" class=\"menu-link\">TRIESTE<\/a><\/li>\n\t<li id=\"menu-item-1342\" class=\"menu-item menu-item-type-post_type menu-item-object-post menu-item-1342\"><a href=\"https:\/\/layana.begueria.es\/?p=1318\" class=\"menu-link\">LA BOLSA O LA VIDA<\/a><\/li>\n\t<li id=\"menu-item-1343\" class=\"menu-item menu-item-type-post_type menu-item-object-post menu-item-1343\"><a href=\"https:\/\/layana.begueria.es\/?p=1314\" class=\"menu-link\">UNA TRISTE HISTORIA<\/a><\/li>\n\t<li id=\"menu-item-1344\" class=\"menu-item menu-item-type-post_type menu-item-object-post menu-item-1344\"><a href=\"https:\/\/layana.begueria.es\/?p=1283\" class=\"menu-link\">UNA VIDA TRANQUILA<\/a><\/li>\n\t<li id=\"menu-item-1345\" class=\"menu-item menu-item-type-post_type menu-item-object-post menu-item-1345\"><a href=\"https:\/\/layana.begueria.es\/?p=1263\" class=\"menu-link\">PUEBLOS VACIADOS IV. Las ra\u00edces<\/a><\/li>\n\t<li id=\"menu-item-1346\" class=\"menu-item menu-item-type-post_type menu-item-object-post menu-item-1346\"><a href=\"https:\/\/layana.begueria.es\/?p=353\" class=\"menu-link\">LAYANA.- PUEBLOS VACIADOS- III<\/a><\/li>\n\t<li id=\"menu-item-1347\" class=\"menu-item menu-item-type-post_type menu-item-object-post menu-item-1347\"><a href=\"https:\/\/layana.begueria.es\/?p=350\" class=\"menu-link\">LAYANA.- PUEBLOS VACIADOS II<\/a><\/li>\n\t<li id=\"menu-item-1348\" class=\"menu-item menu-item-type-post_type menu-item-object-post menu-item-1348\"><a href=\"https:\/\/layana.begueria.es\/?p=301\" class=\"menu-link\">LAYANA \u2013 PUEBLOS VACIADOS I<\/a><\/li>\n<\/ul>\n<\/li>\n<\/ul><\/nav>\t\t<\/div>\n\t\t\t\t<\/div>\n\t\t\t\t\t<\/div>\n\t\t<\/div>\n\t\t\t\t<div class=\"elementor-column elementor-col-50 elementor-top-column elementor-element elementor-element-2d17052\" data-id=\"2d17052\" data-element_type=\"column\">\n\t\t\t<div class=\"elementor-widget-wrap elementor-element-populated\">\n\t\t\t\t\t\t\t\t<div class=\"elementor-element elementor-element-77680b8d elementor-widget elementor-widget-text-editor\" data-id=\"77680b8d\" data-element_type=\"widget\" data-widget_type=\"text-editor.default\">\n\t\t\t\t<div class=\"elementor-widget-container\">\n\t\t\t\t\t\t\tAlways write benefits over features. Mention all the benefits or services with some real examples. Focus on how you can help and benefit your user. Use simple words so that you don\u2019t confuse people. Say as much in as few words as possible.\t\t\t\t\t\t<\/div>\n\t\t\t\t<\/div>\n\t\t\t\t<div class=\"elementor-element elementor-element-153fe8f elementor-widget elementor-widget-wp-widget-recent-posts\" data-id=\"153fe8f\" data-element_type=\"widget\" data-widget_type=\"wp-widget-recent-posts.default\">\n\t\t\t\t<div class=\"elementor-widget-container\">\n\t\t\t\n\t\t\n\t\t<h5>\u00daLTIMAS ENTRADAS<\/h5><nav aria-label=\"\u00daLTIMAS ENTRADAS\">\n\t\t<ul>\n\t\t\t\t\t\t\t\t\t\t\t<li>\n\t\t\t\t\t<a href=\"https:\/\/layana.begueria.es\/?p=1357\">UN METRO EXACTO<\/a>\n\t\t\t\t\t\t\t\t\t\t\t<span class=\"post-date\">01\/12\/2023<\/span>\n\t\t\t\t\t\t\t\t\t<\/li>\n\t\t\t\t\t\t\t\t\t\t\t<li>\n\t\t\t\t\t<a href=\"https:\/\/layana.begueria.es\/?p=1328\">TRIESTE<\/a>\n\t\t\t\t\t\t\t\t\t\t\t<span class=\"post-date\">13\/08\/2022<\/span>\n\t\t\t\t\t\t\t\t\t<\/li>\n\t\t\t\t\t\t\t\t\t\t\t<li>\n\t\t\t\t\t<a href=\"https:\/\/layana.begueria.es\/?p=1318\">LA BOLSA O LA VIDA<\/a>\n\t\t\t\t\t\t\t\t\t\t\t<span class=\"post-date\">31\/12\/2021<\/span>\n\t\t\t\t\t\t\t\t\t<\/li>\n\t\t\t\t\t\t\t\t\t\t\t<li>\n\t\t\t\t\t<a href=\"https:\/\/layana.begueria.es\/?p=1314\">UNA TRISTE HISTORIA<\/a>\n\t\t\t\t\t\t\t\t\t\t\t<span class=\"post-date\">09\/12\/2021<\/span>\n\t\t\t\t\t\t\t\t\t<\/li>\n\t\t\t\t\t\t\t\t\t\t\t<li>\n\t\t\t\t\t<a href=\"https:\/\/layana.begueria.es\/?p=1283\">UNA VIDA TRANQUILA<\/a>\n\t\t\t\t\t\t\t\t\t\t\t<span class=\"post-date\">22\/11\/2021<\/span>\n\t\t\t\t\t\t\t\t\t<\/li>\n\t\t\t\t\t\t\t\t\t\t\t<li>\n\t\t\t\t\t<a href=\"https:\/\/layana.begueria.es\/?p=1263\">PUEBLOS VACIADOS IV. Las ra\u00edces<\/a>\n\t\t\t\t\t\t\t\t\t\t\t<span class=\"post-date\">24\/10\/2021<\/span>\n\t\t\t\t\t\t\t\t\t<\/li>\n\t\t\t\t\t\t\t\t\t\t\t<li>\n\t\t\t\t\t<a href=\"https:\/\/layana.begueria.es\/?p=1009\">LAYANA EN PRIMAVERA<\/a>\n\t\t\t\t\t\t\t\t\t\t\t<span class=\"post-date\">04\/10\/2021<\/span>\n\t\t\t\t\t\t\t\t\t<\/li>\n\t\t\t\t\t<\/ul>\n\n\t\t<\/nav>\t\t<\/div>\n\t\t\t\t<\/div>\n\t\t\t\t<div class=\"elementor-element elementor-element-6db6671 elementor-widget elementor-widget-wp-widget-meta\" data-id=\"6db6671\" data-element_type=\"widget\" data-widget_type=\"wp-widget-meta.default\">\n\t\t\t\t<div class=\"elementor-widget-container\">\n\t\t\t<h5>ADMINISTRACI\u00d3N<\/h5><nav aria-label=\"ADMINISTRACI\u00d3N\">\n\t\t<ul>\n\t\t\t\t\t\t<li><a href=\"https:\/\/layana.begueria.es\/wordpress\/wp-login.php\">Acceder<\/a><\/li>\n\t\t\t<li><a href=\"https:\/\/layana.begueria.es\/?feed=rss2\">Feed de entradas<\/a><\/li>\n\t\t\t<li><a href=\"https:\/\/layana.begueria.es\/?feed=comments-rss2\">Feed de comentarios<\/a><\/li>\n\n\t\t\t<li><a href=\"https:\/\/es.wordpress.org\/\">WordPress.org<\/a><\/li>\n\t\t<\/ul>\n\n\t\t<\/nav>\t\t<\/div>\n\t\t\t\t<\/div>\n\t\t\t\t<div class=\"elementor-element elementor-element-79f77c2 elementor-widget elementor-widget-text-editor\" data-id=\"79f77c2\" data-element_type=\"widget\" data-widget_type=\"text-editor.default\">\n\t\t\t\t<div class=\"elementor-widget-container\">\n\t\t\t\t\t\t\tSpeak directly to users using you not I or we.\t\t\t\t\t\t<\/div>\n\t\t\t\t<\/div>\n\t\t\t\t\t<\/div>\n\t\t<\/div>\n\t\t\t\t\t\t\t<\/div>\n\t\t<\/section>\n\t\t\t\t<section class=\"elementor-section elementor-top-section elementor-element elementor-element-daf2d93 elementor-section-boxed elementor-section-height-default elementor-section-height-default\" data-id=\"daf2d93\" data-element_type=\"section\">\n\t\t\t\t\t\t<div class=\"elementor-container elementor-column-gap-default\">\n\t\t\t\t\t<div class=\"elementor-column elementor-col-100 elementor-top-column elementor-element elementor-element-88c2e1c\" data-id=\"88c2e1c\" data-element_type=\"column\">\n\t\t\t<div class=\"elementor-widget-wrap elementor-element-populated\">\n\t\t\t\t\t\t\t\t<div class=\"elementor-element elementor-element-9e93175 elementor-widget-divider--view-line_icon elementor-view-default elementor-widget-divider--element-align-center elementor-widget elementor-widget-divider\" data-id=\"9e93175\" data-element_type=\"widget\" data-widget_type=\"divider.default\">\n\t\t\t\t<div class=\"elementor-widget-container\">\n\t\t\t\t\t<div class=\"elementor-divider\">\n\t\t\t<span class=\"elementor-divider-separator\">\n\t\t\t\t\t\t\t<div class=\"elementor-icon elementor-divider__element\">\n\t\t\t\t\t<i aria-hidden=\"true\" class=\"fas fa-star\"><\/i><\/div>\n\t\t\t\t\t\t<\/span>\n\t\t<\/div>\n\t\t\t\t<\/div>\n\t\t\t\t<\/div>\n\t\t\t\t\t<\/div>\n\t\t<\/div>\n\t\t\t\t\t\t\t<\/div>\n\t\t<\/section>\n\t\t\t\t\t\t<\/div>\n\t\t\t\t\t<\/div>\n\t\t","protected":false},"excerpt":{"rendered":"<p>Multi-purpose Template Create Your Website Lorem ipsum dolor sit amet, consectetur adipiscing elit. Ut elit tellus, luctus nec ullamcorper mattis, pulvinar dapibus leo. Services About Us Service 1 Service 2 Service 3 Amazing Things for You Always write benefits over features. Mention all the benefits or services with some real examples. Focus on how you &hellip;<\/p>\n<p class=\"read-more\"> <a class=\"\" href=\"https:\/\/websitedemos.net\/mountain\/\"> <span class=\"screen-reader-text\">Home<\/span> Read More &raquo;<\/a><\/p>\n<div class=\"pvc_clear\"><\/div>\n<p class=\"pvc_stats all \" data-element-id=\"1088\" style=\"\"><i class=\"pvc-stats-icon medium\" aria-hidden=\"true\"><svg aria-hidden=\"true\" focusable=\"false\" data-prefix=\"far\" data-icon=\"chart-bar\" role=\"img\" xmlns=\"http:\/\/www.w3.org\/2000\/svg\" viewBox=\"0 0 512 512\" class=\"svg-inline--fa fa-chart-bar fa-w-16 fa-2x\"><path fill=\"currentColor\" d=\"M396.8 352h22.4c6.4 0 12.8-6.4 12.8-12.8V108.8c0-6.4-6.4-12.8-12.8-12.8h-22.4c-6.4 0-12.8 6.4-12.8 12.8v230.4c0 6.4 6.4 12.8 12.8 12.8zm-192 0h22.4c6.4 0 12.8-6.4 12.8-12.8V140.8c0-6.4-6.4-12.8-12.8-12.8h-22.4c-6.4 0-12.8 6.4-12.8 12.8v198.4c0 6.4 6.4 12.8 12.8 12.8zm96 0h22.4c6.4 0 12.8-6.4 12.8-12.8V204.8c0-6.4-6.4-12.8-12.8-12.8h-22.4c-6.4 0-12.8 6.4-12.8 12.8v134.4c0 6.4 6.4 12.8 12.8 12.8zM496 400H48V80c0-8.84-7.16-16-16-16H16C7.16 64 0 71.16 0 80v336c0 17.67 14.33 32 32 32h464c8.84 0 16-7.16 16-16v-16c0-8.84-7.16-16-16-16zm-387.2-48h22.4c6.4 0 12.8-6.4 12.8-12.8v-70.4c0-6.4-6.4-12.8-12.8-12.8h-22.4c-6.4 0-12.8 6.4-12.8 12.8v70.4c0 6.4 6.4 12.8 12.8 12.8z\" class=\"\"><\/path><\/svg><\/i> &nbsp;18,131&nbsp;total views, &nbsp;14&nbsp;views today<\/p>\n<div class=\"pvc_clear\"><\/div>\n","protected":false},"author":2,"featured_media":0,"parent":0,"menu_order":0,"comment_status":"closed","ping_status":"closed","template":"elementor_header_footer","meta":{"_monsterinsights_skip_tracking":false,"_monsterinsights_sitenote_active":false,"_monsterinsights_sitenote_note":"","_monsterinsights_sitenote_category":0,"site-sidebar-layout":"no-sidebar","site-content-layout":"page-builder","ast-main-header-display":"","ast-hfb-above-header-display":"","ast-hfb-below-header-display":"","ast-hfb-mobile-header-display":"","site-post-title":"","ast-breadcrumbs-content":"","ast-featured-img":"","footer-sml-layout":"","theme-transparent-header-meta":"enabled","adv-header-id-meta":"","stick-header-meta":"","header-above-stick-meta":"","header-main-stick-meta":"","header-below-stick-meta":"","footnotes":""},"class_list":["post-1088","page","type-page","status-publish","hentry"],"_links":{"self":[{"href":"https:\/\/layana.begueria.es\/index.php?rest_route=\/wp\/v2\/pages\/1088","targetHints":{"allow":["GET"]}}],"collection":[{"href":"https:\/\/layana.begueria.es\/index.php?rest_route=\/wp\/v2\/pages"}],"about":[{"href":"https:\/\/layana.begueria.es\/index.php?rest_route=\/wp\/v2\/types\/page"}],"author":[{"embeddable":true,"href":"https:\/\/layana.begueria.es\/index.php?rest_route=\/wp\/v2\/users\/2"}],"replies":[{"embeddable":true,"href":"https:\/\/layana.begueria.es\/index.php?rest_route=%2Fwp%2Fv2%2Fcomments&post=1088"}],"version-history":[{"count":66,"href":"https:\/\/layana.begueria.es\/index.php?rest_route=\/wp\/v2\/pages\/1088\/revisions"}],"predecessor-version":[{"id":1313,"href":"https:\/\/layana.begueria.es\/index.php?rest_route=\/wp\/v2\/pages\/1088\/revisions\/1313"}],"wp:attachment":[{"href":"https:\/\/layana.begueria.es\/index.php?rest_route=%2Fwp%2Fv2%2Fmedia&parent=1088"}],"curies":[{"name":"wp","href":"https:\/\/api.w.org\/{rel}","templated":true}]}}